{"id":4986,"date":"2023-12-21T09:09:58","date_gmt":"2023-12-21T10:09:58","guid":{"rendered":"https:\/\/ravangco.com\/lang\/product\/manojo-de-azafran-ravang\/"},"modified":"2024-01-03T06:55:40","modified_gmt":"2024-01-03T07:55:40","slug":"manojo-de-azafran-ravang","status":"publish","type":"product","link":"https:\/\/ravangco.com\/lang\/es\/producto\/manojo-de-azafran-ravang\/","title":{"rendered":"Manojo de Azafr\u00e1n"},"content":{"rendered":"<p>Todas las variedades de Azafr\u00e1n Ravang al por mayor cumplen con todas las normas de seguridad y sanidad, con un control de calidad y de la trazabilidad desde la cosecha hasta el proceso de envase, utilizando las tecnolog\u00edas m\u00e1s avanzadas disponibles. Est\u00e1n envasadas en celof\u00e1n apto para uso alimentario y cubiertos por una segunda protecci\u00f3n de fibrocelulosa para mantener mejor la calidad del producto<\/p>\n","protected":false},"excerpt":{"rendered":"<p>Todas las variedades de Azafr\u00e1n Ravang al por mayor cumplen con todas las normas de seguridad y sanidad, con un control de calidad y de la trazabilidad desde la cosecha hasta el proceso de envase, utilizando las tecnolog\u00edas m\u00e1s avanzadas disponibles. Est\u00e1n envasadas en celof\u00e1n apto para uso alimentario y cubiertos por una segunda protecci\u00f3n [&hellip;]<\/p>\n","protected":false},"featured_media":4769,"comment_status":"open","ping_status":"closed","template":"","meta":[],"product_cat":[76],"product_tag":[],"class_list":{"0":"post-4986","1":"product","2":"type-product","3":"status-publish","4":"has-post-thumbnail","6":"product_cat-bulk-saffron-es","8":"first","9":"instock","10":"shipping-taxable","11":"product-type-simple"},"acf":[],"yoast_head":"<!-- This site is optimized with the Yoast SEO plugin v21.9.1 - https:\/\/yoast.com\/wordpress\/plugins\/seo\/ -->\n<title>Manojo de Azafr\u00e1n - Ravang Saffron<\/title>\n<meta name=\"robots\" content=\"noindex, follow, max-snippet:-1, max-image-preview:large, max-video-preview:-1\" \/>\n<meta property=\"og:locale\" content=\"es_ES\" \/>\n<meta property=\"og:type\" content=\"article\" \/>\n<meta property=\"og:title\" content=\"Manojo de Azafr\u00e1n - Ravang Saffron\" \/>\n<meta property=\"og:description\" content=\"Todas las variedades de Azafr\u00e1n Ravang al por mayor cumplen con todas las normas de seguridad y sanidad, con un control de calidad y de la trazabilidad desde la cosecha hasta el proceso de envase, utilizando las tecnolog\u00edas m\u00e1s avanzadas disponibles. Est\u00e1n envasadas en celof\u00e1n apto para uso alimentario y cubiertos por una segunda protecci\u00f3n [&hellip;]\" \/>\n<meta property=\"og:url\" content=\"https:\/\/ravangco.com\/lang\/es\/producto\/manojo-de-azafran-ravang\/\" \/>\n<meta property=\"og:site_name\" content=\"Ravang Saffron\" \/>\n<meta property=\"article:modified_time\" content=\"2024-01-03T07:55:40+00:00\" \/>\n<meta property=\"og:image\" content=\"https:\/\/ravangco.com\/lang\/wp-content\/uploads\/2023\/12\/B-dasteh.webp\" \/>\n\t<meta property=\"og:image:width\" content=\"2500\" \/>\n\t<meta property=\"og:image:height\" content=\"2500\" \/>\n\t<meta property=\"og:image:type\" content=\"image\/webp\" \/>\n<meta name=\"twitter:card\" content=\"summary_large_image\" \/>\n<meta name=\"twitter:label1\" content=\"Tiempo de lectura\" \/>\n\t<meta name=\"twitter:data1\" content=\"1 minuto\" \/>\n<script type=\"application\/ld+json\" class=\"yoast-schema-graph\">{\"@context\":\"https:\/\/schema.org\",\"@graph\":[{\"@type\":\"WebPage\",\"@id\":\"https:\/\/ravangco.com\/lang\/es\/producto\/manojo-de-azafran-ravang\/\",\"url\":\"https:\/\/ravangco.com\/lang\/es\/producto\/manojo-de-azafran-ravang\/\",\"name\":\"Manojo de Azafr\u00e1n - Ravang Saffron\",\"isPartOf\":{\"@id\":\"https:\/\/ravangco.com\/lang\/#website\"},\"datePublished\":\"2023-12-21T10:09:58+00:00\",\"dateModified\":\"2024-01-03T07:55:40+00:00\",\"breadcrumb\":{\"@id\":\"https:\/\/ravangco.com\/lang\/es\/producto\/manojo-de-azafran-ravang\/#breadcrumb\"},\"inLanguage\":\"es\",\"potentialAction\":[{\"@type\":\"ReadAction\",\"target\":[\"https:\/\/ravangco.com\/lang\/es\/producto\/manojo-de-azafran-ravang\/\"]}]},{\"@type\":\"BreadcrumbList\",\"@id\":\"https:\/\/ravangco.com\/lang\/es\/producto\/manojo-de-azafran-ravang\/#breadcrumb\",\"itemListElement\":[{\"@type\":\"ListItem\",\"position\":1,\"name\":\"\u062e\u0627\u0646\u0647\",\"item\":\"https:\/\/ravangco.com\/lang\/\"},{\"@type\":\"ListItem\",\"position\":2,\"name\":\"Tienda\",\"item\":\"https:\/\/ravangco.com\/lang\/es\/tienda\/\"},{\"@type\":\"ListItem\",\"position\":3,\"name\":\"Manojo de Azafr\u00e1n\"}]},{\"@type\":\"WebSite\",\"@id\":\"https:\/\/ravangco.com\/lang\/#website\",\"url\":\"https:\/\/ravangco.com\/lang\/\",\"name\":\"Ravang Saffron\",\"description\":\"\",\"publisher\":{\"@id\":\"https:\/\/ravangco.com\/lang\/#organization\"},\"potentialAction\":[{\"@type\":\"SearchAction\",\"target\":{\"@type\":\"EntryPoint\",\"urlTemplate\":\"https:\/\/ravangco.com\/lang\/?s={search_term_string}\"},\"query-input\":\"required name=search_term_string\"}],\"inLanguage\":\"es\"},{\"@type\":\"Organization\",\"@id\":\"https:\/\/ravangco.com\/lang\/#organization\",\"name\":\"Ravang Saffron\",\"url\":\"https:\/\/ravangco.com\/lang\/\",\"logo\":{\"@type\":\"ImageObject\",\"inLanguage\":\"es\",\"@id\":\"https:\/\/ravangco.com\/lang\/#\/schema\/logo\/image\/\",\"url\":\"https:\/\/ravangco.com\/lang\/wp-content\/uploads\/2023\/10\/ravang-logo-en.svg\",\"contentUrl\":\"https:\/\/ravangco.com\/lang\/wp-content\/uploads\/2023\/10\/ravang-logo-en.svg\",\"width\":362,\"height\":175,\"caption\":\"Ravang Saffron\"},\"image\":{\"@id\":\"https:\/\/ravangco.com\/lang\/#\/schema\/logo\/image\/\"}}]}<\/script>\n<!-- \/ Yoast SEO plugin. -->","yoast_head_json":{"title":"Manojo de Azafr\u00e1n - Ravang Saffron","robots":{"index":"noindex","follow":"follow","max-snippet":"max-snippet:-1","max-image-preview":"max-image-preview:large","max-video-preview":"max-video-preview:-1"},"og_locale":"es_ES","og_type":"article","og_title":"Manojo de Azafr\u00e1n - Ravang Saffron","og_description":"Todas las variedades de Azafr\u00e1n Ravang al por mayor cumplen con todas las normas de seguridad y sanidad, con un control de calidad y de la trazabilidad desde la cosecha hasta el proceso de envase, utilizando las tecnolog\u00edas m\u00e1s avanzadas disponibles. Est\u00e1n envasadas en celof\u00e1n apto para uso alimentario y cubiertos por una segunda protecci\u00f3n [&hellip;]","og_url":"https:\/\/ravangco.com\/lang\/es\/producto\/manojo-de-azafran-ravang\/","og_site_name":"Ravang Saffron","article_modified_time":"2024-01-03T07:55:40+00:00","og_image":[{"width":2500,"height":2500,"url":"https:\/\/ravangco.com\/lang\/wp-content\/uploads\/2023\/12\/B-dasteh.webp","type":"image\/webp"}],"twitter_card":"summary_large_image","twitter_misc":{"Tiempo de lectura":"1 minuto"},"schema":{"@context":"https:\/\/schema.org","@graph":[{"@type":"WebPage","@id":"https:\/\/ravangco.com\/lang\/es\/producto\/manojo-de-azafran-ravang\/","url":"https:\/\/ravangco.com\/lang\/es\/producto\/manojo-de-azafran-ravang\/","name":"Manojo de Azafr\u00e1n - Ravang Saffron","isPartOf":{"@id":"https:\/\/ravangco.com\/lang\/#website"},"datePublished":"2023-12-21T10:09:58+00:00","dateModified":"2024-01-03T07:55:40+00:00","breadcrumb":{"@id":"https:\/\/ravangco.com\/lang\/es\/producto\/manojo-de-azafran-ravang\/#breadcrumb"},"inLanguage":"es","potentialAction":[{"@type":"ReadAction","target":["https:\/\/ravangco.com\/lang\/es\/producto\/manojo-de-azafran-ravang\/"]}]},{"@type":"BreadcrumbList","@id":"https:\/\/ravangco.com\/lang\/es\/producto\/manojo-de-azafran-ravang\/#breadcrumb","itemListElement":[{"@type":"ListItem","position":1,"name":"\u062e\u0627\u0646\u0647","item":"https:\/\/ravangco.com\/lang\/"},{"@type":"ListItem","position":2,"name":"Tienda","item":"https:\/\/ravangco.com\/lang\/es\/tienda\/"},{"@type":"ListItem","position":3,"name":"Manojo de Azafr\u00e1n"}]},{"@type":"WebSite","@id":"https:\/\/ravangco.com\/lang\/#website","url":"https:\/\/ravangco.com\/lang\/","name":"Ravang Saffron","description":"","publisher":{"@id":"https:\/\/ravangco.com\/lang\/#organization"},"potentialAction":[{"@type":"SearchAction","target":{"@type":"EntryPoint","urlTemplate":"https:\/\/ravangco.com\/lang\/?s={search_term_string}"},"query-input":"required name=search_term_string"}],"inLanguage":"es"},{"@type":"Organization","@id":"https:\/\/ravangco.com\/lang\/#organization","name":"Ravang Saffron","url":"https:\/\/ravangco.com\/lang\/","logo":{"@type":"ImageObject","inLanguage":"es","@id":"https:\/\/ravangco.com\/lang\/#\/schema\/logo\/image\/","url":"https:\/\/ravangco.com\/lang\/wp-content\/uploads\/2023\/10\/ravang-logo-en.svg","contentUrl":"https:\/\/ravangco.com\/lang\/wp-content\/uploads\/2023\/10\/ravang-logo-en.svg","width":362,"height":175,"caption":"Ravang Saffron"},"image":{"@id":"https:\/\/ravangco.com\/lang\/#\/schema\/logo\/image\/"}}]}},"_links":{"self":[{"href":"https:\/\/ravangco.com\/lang\/es\/wp-json\/wp\/v2\/product\/4986","targetHints":{"allow":["GET"]}}],"collection":[{"href":"https:\/\/ravangco.com\/lang\/es\/wp-json\/wp\/v2\/product"}],"about":[{"href":"https:\/\/ravangco.com\/lang\/es\/wp-json\/wp\/v2\/types\/product"}],"replies":[{"embeddable":true,"href":"https:\/\/ravangco.com\/lang\/es\/wp-json\/wp\/v2\/comments?post=4986"}],"wp:featuredmedia":[{"embeddable":true,"href":"https:\/\/ravangco.com\/lang\/es\/wp-json\/wp\/v2\/media\/4769"}],"wp:attachment":[{"href":"https:\/\/ravangco.com\/lang\/es\/wp-json\/wp\/v2\/media?parent=4986"}],"wp:term":[{"taxonomy":"product_cat","embeddable":true,"href":"https:\/\/ravangco.com\/lang\/es\/wp-json\/wp\/v2\/product_cat?post=4986"},{"taxonomy":"product_tag","embeddable":true,"href":"https:\/\/ravangco.com\/lang\/es\/wp-json\/wp\/v2\/product_tag?post=4986"}],"curies":[{"name":"wp","href":"https:\/\/api.w.org\/{rel}","templated":true}]}}