{"id":4978,"date":"2023-12-21T09:22:17","date_gmt":"2023-12-21T10:22:17","guid":{"rendered":"https:\/\/ravangco.com\/lang\/product\/azafran-ravang-en-envase-de-0-5-gramo-2\/"},"modified":"2023-12-21T09:22:17","modified_gmt":"2023-12-21T10:22:17","slug":"azafran-ravang-en-envase-de-0-5-gramo-2","status":"publish","type":"product","link":"https:\/\/ravangco.com\/lang\/es\/producto\/azafran-ravang-en-envase-de-0-5-gramo-2\/","title":{"rendered":"Azafr\u00e1n Ravang en envase de 0.5 gramo"},"content":{"rendered":"<p>El envase de 0.5 gramo ofrece la posibilidad de un mantenimiento adecuado del sabor, color y esencia del producto a la vez que conserva sus propiedades alimentarias. El celof\u00e1n usado en este tipo de envase es apto para uso alimentario y protege de la humedad y de la temperatura ambiental. La ventaja de este tipo de envase sobre otros es que es de menor peso y es m\u00e1s econ\u00f3mico. Tambi\u00e9n permite ofrecerlo en diferentes tama\u00f1os.<\/p>\n","protected":false},"excerpt":{"rendered":"<p>El envase de 0.5 gramo ofrece la posibilidad de un mantenimiento adecuado del sabor, color y esencia del producto a la vez que conserva sus propiedades alimentarias. El celof\u00e1n usado en este tipo de envase es apto para uso alimentario y protege de la humedad y de la temperatura ambiental. La ventaja de este tipo [&hellip;]<\/p>\n","protected":false},"featured_media":4801,"comment_status":"open","ping_status":"closed","template":"","meta":[],"product_cat":[80,82],"product_tag":[],"class_list":{"0":"post-4978","1":"product","2":"type-product","3":"status-publish","4":"has-post-thumbnail","6":"product_cat-retail-saffron-es","7":"product_cat-pocket-saffron-es","9":"first","10":"instock","11":"shipping-taxable","12":"product-type-simple"},"acf":[],"yoast_head":"<!-- This site is optimized with the Yoast SEO plugin v21.9.1 - https:\/\/yoast.com\/wordpress\/plugins\/seo\/ -->\n<title>Azafr\u00e1n Ravang en envase de 0.5 gramo - Ravang Saffron<\/title>\n<meta name=\"robots\" content=\"noindex, follow, max-snippet:-1, max-image-preview:large, max-video-preview:-1\" \/>\n<meta property=\"og:locale\" content=\"es_ES\" \/>\n<meta property=\"og:type\" content=\"article\" \/>\n<meta property=\"og:title\" content=\"Azafr\u00e1n Ravang en envase de 0.5 gramo - Ravang Saffron\" \/>\n<meta property=\"og:description\" content=\"El envase de 0.5 gramo ofrece la posibilidad de un mantenimiento adecuado del sabor, color y esencia del producto a la vez que conserva sus propiedades alimentarias. El celof\u00e1n usado en este tipo de envase es apto para uso alimentario y protege de la humedad y de la temperatura ambiental. La ventaja de este tipo [&hellip;]\" \/>\n<meta property=\"og:url\" content=\"https:\/\/ravangco.com\/lang\/product\/azafran-ravang-en-envase-de-0-5-gramo-2\/\" \/>\n<meta property=\"og:site_name\" content=\"Ravang Saffron\" \/>\n<meta name=\"twitter:card\" content=\"summary_large_image\" \/>\n<script type=\"application\/ld+json\" class=\"yoast-schema-graph\">{\"@context\":\"https:\/\/schema.org\",\"@graph\":[{\"@type\":\"WebPage\",\"@id\":\"https:\/\/ravangco.com\/lang\/product\/azafran-ravang-en-envase-de-0-5-gramo-2\/\",\"url\":\"https:\/\/ravangco.com\/lang\/product\/azafran-ravang-en-envase-de-0-5-gramo-2\/\",\"name\":\"Azafr\u00e1n Ravang en envase de 0.5 gramo - Ravang Saffron\",\"isPartOf\":{\"@id\":\"https:\/\/ravangco.com\/lang\/#website\"},\"datePublished\":\"2023-12-21T10:22:17+00:00\",\"dateModified\":\"2023-12-21T10:22:17+00:00\",\"breadcrumb\":{\"@id\":\"https:\/\/ravangco.com\/lang\/product\/azafran-ravang-en-envase-de-0-5-gramo-2\/#breadcrumb\"},\"inLanguage\":\"es\",\"potentialAction\":[{\"@type\":\"ReadAction\",\"target\":[\"https:\/\/ravangco.com\/lang\/product\/azafran-ravang-en-envase-de-0-5-gramo-2\/\"]}]},{\"@type\":\"BreadcrumbList\",\"@id\":\"https:\/\/ravangco.com\/lang\/product\/azafran-ravang-en-envase-de-0-5-gramo-2\/#breadcrumb\",\"itemListElement\":[{\"@type\":\"ListItem\",\"position\":1,\"name\":\"\u062e\u0627\u0646\u0647\",\"item\":\"https:\/\/ravangco.com\/lang\/\"},{\"@type\":\"ListItem\",\"position\":2,\"name\":\"Tienda\",\"item\":\"https:\/\/ravangco.com\/lang\/es\/tienda\/\"},{\"@type\":\"ListItem\",\"position\":3,\"name\":\"Azafr\u00e1n Ravang en envase de 0.5 gramo\"}]},{\"@type\":\"WebSite\",\"@id\":\"https:\/\/ravangco.com\/lang\/#website\",\"url\":\"https:\/\/ravangco.com\/lang\/\",\"name\":\"Ravang Saffron\",\"description\":\"\",\"publisher\":{\"@id\":\"https:\/\/ravangco.com\/lang\/#organization\"},\"potentialAction\":[{\"@type\":\"SearchAction\",\"target\":{\"@type\":\"EntryPoint\",\"urlTemplate\":\"https:\/\/ravangco.com\/lang\/?s={search_term_string}\"},\"query-input\":\"required name=search_term_string\"}],\"inLanguage\":\"es\"},{\"@type\":\"Organization\",\"@id\":\"https:\/\/ravangco.com\/lang\/#organization\",\"name\":\"Ravang Saffron\",\"url\":\"https:\/\/ravangco.com\/lang\/\",\"logo\":{\"@type\":\"ImageObject\",\"inLanguage\":\"es\",\"@id\":\"https:\/\/ravangco.com\/lang\/#\/schema\/logo\/image\/\",\"url\":\"https:\/\/ravangco.com\/lang\/wp-content\/uploads\/2023\/10\/ravang-logo-en.svg\",\"contentUrl\":\"https:\/\/ravangco.com\/lang\/wp-content\/uploads\/2023\/10\/ravang-logo-en.svg\",\"width\":362,\"height\":175,\"caption\":\"Ravang Saffron\"},\"image\":{\"@id\":\"https:\/\/ravangco.com\/lang\/#\/schema\/logo\/image\/\"}}]}<\/script>\n<!-- \/ Yoast SEO plugin. -->","yoast_head_json":{"title":"Azafr\u00e1n Ravang en envase de 0.5 gramo - Ravang Saffron","robots":{"index":"noindex","follow":"follow","max-snippet":"max-snippet:-1","max-image-preview":"max-image-preview:large","max-video-preview":"max-video-preview:-1"},"og_locale":"es_ES","og_type":"article","og_title":"Azafr\u00e1n Ravang en envase de 0.5 gramo - Ravang Saffron","og_description":"El envase de 0.5 gramo ofrece la posibilidad de un mantenimiento adecuado del sabor, color y esencia del producto a la vez que conserva sus propiedades alimentarias. El celof\u00e1n usado en este tipo de envase es apto para uso alimentario y protege de la humedad y de la temperatura ambiental. La ventaja de este tipo [&hellip;]","og_url":"https:\/\/ravangco.com\/lang\/product\/azafran-ravang-en-envase-de-0-5-gramo-2\/","og_site_name":"Ravang Saffron","twitter_card":"summary_large_image","schema":{"@context":"https:\/\/schema.org","@graph":[{"@type":"WebPage","@id":"https:\/\/ravangco.com\/lang\/product\/azafran-ravang-en-envase-de-0-5-gramo-2\/","url":"https:\/\/ravangco.com\/lang\/product\/azafran-ravang-en-envase-de-0-5-gramo-2\/","name":"Azafr\u00e1n Ravang en envase de 0.5 gramo - Ravang Saffron","isPartOf":{"@id":"https:\/\/ravangco.com\/lang\/#website"},"datePublished":"2023-12-21T10:22:17+00:00","dateModified":"2023-12-21T10:22:17+00:00","breadcrumb":{"@id":"https:\/\/ravangco.com\/lang\/product\/azafran-ravang-en-envase-de-0-5-gramo-2\/#breadcrumb"},"inLanguage":"es","potentialAction":[{"@type":"ReadAction","target":["https:\/\/ravangco.com\/lang\/product\/azafran-ravang-en-envase-de-0-5-gramo-2\/"]}]},{"@type":"BreadcrumbList","@id":"https:\/\/ravangco.com\/lang\/product\/azafran-ravang-en-envase-de-0-5-gramo-2\/#breadcrumb","itemListElement":[{"@type":"ListItem","position":1,"name":"\u062e\u0627\u0646\u0647","item":"https:\/\/ravangco.com\/lang\/"},{"@type":"ListItem","position":2,"name":"Tienda","item":"https:\/\/ravangco.com\/lang\/es\/tienda\/"},{"@type":"ListItem","position":3,"name":"Azafr\u00e1n Ravang en envase de 0.5 gramo"}]},{"@type":"WebSite","@id":"https:\/\/ravangco.com\/lang\/#website","url":"https:\/\/ravangco.com\/lang\/","name":"Ravang Saffron","description":"","publisher":{"@id":"https:\/\/ravangco.com\/lang\/#organization"},"potentialAction":[{"@type":"SearchAction","target":{"@type":"EntryPoint","urlTemplate":"https:\/\/ravangco.com\/lang\/?s={search_term_string}"},"query-input":"required name=search_term_string"}],"inLanguage":"es"},{"@type":"Organization","@id":"https:\/\/ravangco.com\/lang\/#organization","name":"Ravang Saffron","url":"https:\/\/ravangco.com\/lang\/","logo":{"@type":"ImageObject","inLanguage":"es","@id":"https:\/\/ravangco.com\/lang\/#\/schema\/logo\/image\/","url":"https:\/\/ravangco.com\/lang\/wp-content\/uploads\/2023\/10\/ravang-logo-en.svg","contentUrl":"https:\/\/ravangco.com\/lang\/wp-content\/uploads\/2023\/10\/ravang-logo-en.svg","width":362,"height":175,"caption":"Ravang Saffron"},"image":{"@id":"https:\/\/ravangco.com\/lang\/#\/schema\/logo\/image\/"}}]}},"_links":{"self":[{"href":"https:\/\/ravangco.com\/lang\/es\/wp-json\/wp\/v2\/product\/4978","targetHints":{"allow":["GET"]}}],"collection":[{"href":"https:\/\/ravangco.com\/lang\/es\/wp-json\/wp\/v2\/product"}],"about":[{"href":"https:\/\/ravangco.com\/lang\/es\/wp-json\/wp\/v2\/types\/product"}],"replies":[{"embeddable":true,"href":"https:\/\/ravangco.com\/lang\/es\/wp-json\/wp\/v2\/comments?post=4978"}],"wp:featuredmedia":[{"embeddable":true,"href":"https:\/\/ravangco.com\/lang\/es\/wp-json\/wp\/v2\/media\/4801"}],"wp:attachment":[{"href":"https:\/\/ravangco.com\/lang\/es\/wp-json\/wp\/v2\/media?parent=4978"}],"wp:term":[{"taxonomy":"product_cat","embeddable":true,"href":"https:\/\/ravangco.com\/lang\/es\/wp-json\/wp\/v2\/product_cat?post=4978"},{"taxonomy":"product_tag","embeddable":true,"href":"https:\/\/ravangco.com\/lang\/es\/wp-json\/wp\/v2\/product_tag?post=4978"}],"curies":[{"name":"wp","href":"https:\/\/api.w.org\/{rel}","templated":true}]}}