{"id":4971,"date":"2023-12-21T09:32:50","date_gmt":"2023-12-21T10:32:50","guid":{"rendered":"https:\/\/ravangco.com\/lang\/product\/azafran-de-azin-de-2-gramo\/"},"modified":"2023-12-21T09:32:50","modified_gmt":"2023-12-21T10:32:50","slug":"azafran-de-azin-de-2-gramo","status":"publish","type":"product","link":"https:\/\/ravangco.com\/lang\/es\/producto\/azafran-de-azin-de-2-gramo\/","title":{"rendered":"Azafr\u00e1n de Azin de 2 gramo"},"content":{"rendered":"<p>Estos envases est\u00e1n hechos de polietileno o poliestireno, aptos para el uso alimentario. La tapa de estos envases es de presi\u00f3n, lo cual permite un mejor aislamiento y evita que penetre la humedad a la vez que ayuda a mantener las caracter\u00edsticas y propiedades como el color, el aroma y la esencia. Adem\u00e1s, tiene una segunda protecci\u00f3n de fibrocelulosa y una peque\u00f1a ventanilla que permite ver mejor el contenido.<\/p>\n","protected":false},"excerpt":{"rendered":"<p>Estos envases est\u00e1n hechos de polietileno o poliestireno, aptos para el uso alimentario. La tapa de estos envases es de presi\u00f3n, lo cual permite un mejor aislamiento y evita que penetre la humedad a la vez que ayuda a mantener las caracter\u00edsticas y propiedades como el color, el aroma y la esencia. Adem\u00e1s, tiene una [&hellip;]<\/p>\n","protected":false},"featured_media":4869,"comment_status":"open","ping_status":"closed","template":"","meta":[],"product_cat":[80,81],"product_tag":[],"class_list":{"0":"post-4971","1":"product","2":"type-product","3":"status-publish","4":"has-post-thumbnail","6":"product_cat-retail-saffron-es","7":"product_cat-azin-saffron-es","9":"first","10":"instock","11":"shipping-taxable","12":"product-type-simple"},"acf":[],"yoast_head":"<!-- This site is optimized with the Yoast SEO plugin v21.9.1 - https:\/\/yoast.com\/wordpress\/plugins\/seo\/ -->\n<title>Azafr\u00e1n de Azin de 2 gramo - Ravang Saffron<\/title>\n<meta name=\"robots\" content=\"noindex, follow, max-snippet:-1, max-image-preview:large, max-video-preview:-1\" \/>\n<meta property=\"og:locale\" content=\"es_ES\" \/>\n<meta property=\"og:type\" content=\"article\" \/>\n<meta property=\"og:title\" content=\"Azafr\u00e1n de Azin de 2 gramo - Ravang Saffron\" \/>\n<meta property=\"og:description\" content=\"Estos envases est\u00e1n hechos de polietileno o poliestireno, aptos para el uso alimentario. La tapa de estos envases es de presi\u00f3n, lo cual permite un mejor aislamiento y evita que penetre la humedad a la vez que ayuda a mantener las caracter\u00edsticas y propiedades como el color, el aroma y la esencia. Adem\u00e1s, tiene una [&hellip;]\" \/>\n<meta property=\"og:url\" content=\"https:\/\/ravangco.com\/lang\/product\/azafran-de-azin-de-2-gramo\/\" \/>\n<meta property=\"og:site_name\" content=\"Ravang Saffron\" \/>\n<meta name=\"twitter:card\" content=\"summary_large_image\" \/>\n<script type=\"application\/ld+json\" class=\"yoast-schema-graph\">{\"@context\":\"https:\/\/schema.org\",\"@graph\":[{\"@type\":\"WebPage\",\"@id\":\"https:\/\/ravangco.com\/lang\/product\/azafran-de-azin-de-2-gramo\/\",\"url\":\"https:\/\/ravangco.com\/lang\/product\/azafran-de-azin-de-2-gramo\/\",\"name\":\"Azafr\u00e1n de Azin de 2 gramo - Ravang Saffron\",\"isPartOf\":{\"@id\":\"https:\/\/ravangco.com\/lang\/#website\"},\"datePublished\":\"2023-12-21T10:32:50+00:00\",\"dateModified\":\"2023-12-21T10:32:50+00:00\",\"breadcrumb\":{\"@id\":\"https:\/\/ravangco.com\/lang\/product\/azafran-de-azin-de-2-gramo\/#breadcrumb\"},\"inLanguage\":\"es\",\"potentialAction\":[{\"@type\":\"ReadAction\",\"target\":[\"https:\/\/ravangco.com\/lang\/product\/azafran-de-azin-de-2-gramo\/\"]}]},{\"@type\":\"BreadcrumbList\",\"@id\":\"https:\/\/ravangco.com\/lang\/product\/azafran-de-azin-de-2-gramo\/#breadcrumb\",\"itemListElement\":[{\"@type\":\"ListItem\",\"position\":1,\"name\":\"\u062e\u0627\u0646\u0647\",\"item\":\"https:\/\/ravangco.com\/lang\/\"},{\"@type\":\"ListItem\",\"position\":2,\"name\":\"Tienda\",\"item\":\"https:\/\/ravangco.com\/lang\/es\/tienda\/\"},{\"@type\":\"ListItem\",\"position\":3,\"name\":\"Azafr\u00e1n de Azin de 2 gramo\"}]},{\"@type\":\"WebSite\",\"@id\":\"https:\/\/ravangco.com\/lang\/#website\",\"url\":\"https:\/\/ravangco.com\/lang\/\",\"name\":\"Ravang Saffron\",\"description\":\"\",\"publisher\":{\"@id\":\"https:\/\/ravangco.com\/lang\/#organization\"},\"potentialAction\":[{\"@type\":\"SearchAction\",\"target\":{\"@type\":\"EntryPoint\",\"urlTemplate\":\"https:\/\/ravangco.com\/lang\/?s={search_term_string}\"},\"query-input\":\"required name=search_term_string\"}],\"inLanguage\":\"es\"},{\"@type\":\"Organization\",\"@id\":\"https:\/\/ravangco.com\/lang\/#organization\",\"name\":\"Ravang Saffron\",\"url\":\"https:\/\/ravangco.com\/lang\/\",\"logo\":{\"@type\":\"ImageObject\",\"inLanguage\":\"es\",\"@id\":\"https:\/\/ravangco.com\/lang\/#\/schema\/logo\/image\/\",\"url\":\"https:\/\/ravangco.com\/lang\/wp-content\/uploads\/2023\/10\/ravang-logo-en.svg\",\"contentUrl\":\"https:\/\/ravangco.com\/lang\/wp-content\/uploads\/2023\/10\/ravang-logo-en.svg\",\"width\":362,\"height\":175,\"caption\":\"Ravang Saffron\"},\"image\":{\"@id\":\"https:\/\/ravangco.com\/lang\/#\/schema\/logo\/image\/\"}}]}<\/script>\n<!-- \/ Yoast SEO plugin. -->","yoast_head_json":{"title":"Azafr\u00e1n de Azin de 2 gramo - Ravang Saffron","robots":{"index":"noindex","follow":"follow","max-snippet":"max-snippet:-1","max-image-preview":"max-image-preview:large","max-video-preview":"max-video-preview:-1"},"og_locale":"es_ES","og_type":"article","og_title":"Azafr\u00e1n de Azin de 2 gramo - Ravang Saffron","og_description":"Estos envases est\u00e1n hechos de polietileno o poliestireno, aptos para el uso alimentario. La tapa de estos envases es de presi\u00f3n, lo cual permite un mejor aislamiento y evita que penetre la humedad a la vez que ayuda a mantener las caracter\u00edsticas y propiedades como el color, el aroma y la esencia. Adem\u00e1s, tiene una [&hellip;]","og_url":"https:\/\/ravangco.com\/lang\/product\/azafran-de-azin-de-2-gramo\/","og_site_name":"Ravang Saffron","twitter_card":"summary_large_image","schema":{"@context":"https:\/\/schema.org","@graph":[{"@type":"WebPage","@id":"https:\/\/ravangco.com\/lang\/product\/azafran-de-azin-de-2-gramo\/","url":"https:\/\/ravangco.com\/lang\/product\/azafran-de-azin-de-2-gramo\/","name":"Azafr\u00e1n de Azin de 2 gramo - Ravang Saffron","isPartOf":{"@id":"https:\/\/ravangco.com\/lang\/#website"},"datePublished":"2023-12-21T10:32:50+00:00","dateModified":"2023-12-21T10:32:50+00:00","breadcrumb":{"@id":"https:\/\/ravangco.com\/lang\/product\/azafran-de-azin-de-2-gramo\/#breadcrumb"},"inLanguage":"es","potentialAction":[{"@type":"ReadAction","target":["https:\/\/ravangco.com\/lang\/product\/azafran-de-azin-de-2-gramo\/"]}]},{"@type":"BreadcrumbList","@id":"https:\/\/ravangco.com\/lang\/product\/azafran-de-azin-de-2-gramo\/#breadcrumb","itemListElement":[{"@type":"ListItem","position":1,"name":"\u062e\u0627\u0646\u0647","item":"https:\/\/ravangco.com\/lang\/"},{"@type":"ListItem","position":2,"name":"Tienda","item":"https:\/\/ravangco.com\/lang\/es\/tienda\/"},{"@type":"ListItem","position":3,"name":"Azafr\u00e1n de Azin de 2 gramo"}]},{"@type":"WebSite","@id":"https:\/\/ravangco.com\/lang\/#website","url":"https:\/\/ravangco.com\/lang\/","name":"Ravang Saffron","description":"","publisher":{"@id":"https:\/\/ravangco.com\/lang\/#organization"},"potentialAction":[{"@type":"SearchAction","target":{"@type":"EntryPoint","urlTemplate":"https:\/\/ravangco.com\/lang\/?s={search_term_string}"},"query-input":"required name=search_term_string"}],"inLanguage":"es"},{"@type":"Organization","@id":"https:\/\/ravangco.com\/lang\/#organization","name":"Ravang Saffron","url":"https:\/\/ravangco.com\/lang\/","logo":{"@type":"ImageObject","inLanguage":"es","@id":"https:\/\/ravangco.com\/lang\/#\/schema\/logo\/image\/","url":"https:\/\/ravangco.com\/lang\/wp-content\/uploads\/2023\/10\/ravang-logo-en.svg","contentUrl":"https:\/\/ravangco.com\/lang\/wp-content\/uploads\/2023\/10\/ravang-logo-en.svg","width":362,"height":175,"caption":"Ravang Saffron"},"image":{"@id":"https:\/\/ravangco.com\/lang\/#\/schema\/logo\/image\/"}}]}},"_links":{"self":[{"href":"https:\/\/ravangco.com\/lang\/es\/wp-json\/wp\/v2\/product\/4971","targetHints":{"allow":["GET"]}}],"collection":[{"href":"https:\/\/ravangco.com\/lang\/es\/wp-json\/wp\/v2\/product"}],"about":[{"href":"https:\/\/ravangco.com\/lang\/es\/wp-json\/wp\/v2\/types\/product"}],"replies":[{"embeddable":true,"href":"https:\/\/ravangco.com\/lang\/es\/wp-json\/wp\/v2\/comments?post=4971"}],"wp:featuredmedia":[{"embeddable":true,"href":"https:\/\/ravangco.com\/lang\/es\/wp-json\/wp\/v2\/media\/4869"}],"wp:attachment":[{"href":"https:\/\/ravangco.com\/lang\/es\/wp-json\/wp\/v2\/media?parent=4971"}],"wp:term":[{"taxonomy":"product_cat","embeddable":true,"href":"https:\/\/ravangco.com\/lang\/es\/wp-json\/wp\/v2\/product_cat?post=4971"},{"taxonomy":"product_tag","embeddable":true,"href":"https:\/\/ravangco.com\/lang\/es\/wp-json\/wp\/v2\/product_tag?post=4971"}],"curies":[{"name":"wp","href":"https:\/\/api.w.org\/{rel}","templated":true}]}}